{"id":8116,"date":"2020-05-27T15:30:59","date_gmt":"2020-05-27T15:30:59","guid":{"rendered":"https:\/\/www.estampame.com\/sitioweb\/?post_type=product&#038;p=8116"},"modified":"2025-05-14T13:30:50","modified_gmt":"2025-05-14T13:30:50","slug":"buzo-ariana","status":"publish","type":"product","link":"https:\/\/www.estampame.com\/sitioweb\/shop\/buzo-ariana\/","title":{"rendered":"Buzo Ariana"},"content":{"rendered":"<p>Buzo Canguro de algod\u00f3n 100% excelente calidad estampado con impresi\u00f3n l\u00e1ser.<\/p>\n","protected":false},"excerpt":{"rendered":"<p>Buzo Canguro de algod\u00f3n 100% excelente calidad estampado con impresi\u00f3n l\u00e1ser.<\/p>\n","protected":false},"featured_media":8117,"template":"","meta":[],"product_brand":[],"product_cat":[142],"product_tag":[],"class_list":{"0":"post-8116","1":"product","2":"type-product","3":"status-publish","4":"has-post-thumbnail","6":"product_cat-buzos","7":"sales-flash-overlay","8":"woocommerce-text-align-center","9":"woocommerce-image-align-center","10":"do-quantity-buttons","12":"first","13":"instock","14":"shipping-taxable","15":"purchasable","16":"product-type-simple"},"yoast_head":"<!-- This site is optimized with the Yoast SEO plugin v26.3 - https:\/\/yoast.com\/wordpress\/plugins\/seo\/ -->\n<title>Buzo Ariana - Estampame<\/title>\n<meta name=\"robots\" content=\"index, follow, max-snippet:-1, max-image-preview:large, max-video-preview:-1\" \/>\n<link rel=\"canonical\" href=\"https:\/\/www.estampame.com\/sitioweb\/shop\/buzo-ariana\/\" \/>\n<meta property=\"og:locale\" content=\"es_ES\" \/>\n<meta property=\"og:type\" content=\"article\" \/>\n<meta property=\"og:title\" content=\"Buzo Ariana - Estampame\" \/>\n<meta property=\"og:description\" content=\"Buzo Canguro de algod\u00f3n 100% excelente calidad estampado con impresi\u00f3n l\u00e1ser.\" \/>\n<meta property=\"og:url\" content=\"https:\/\/www.estampame.com\/sitioweb\/shop\/buzo-ariana\/\" \/>\n<meta property=\"og:site_name\" content=\"Estampame\" \/>\n<meta property=\"article:publisher\" content=\"https:\/\/www.facebook.com\/estampameremeras\/\" \/>\n<meta property=\"article:modified_time\" content=\"2025-05-14T13:30:50+00:00\" \/>\n<meta property=\"og:image\" content=\"https:\/\/www.estampame.com\/sitioweb\/wp-content\/uploads\/2020\/05\/unnamed-15.jpg\" \/>\n\t<meta property=\"og:image:width\" content=\"1196\" \/>\n\t<meta property=\"og:image:height\" content=\"1196\" \/>\n\t<meta property=\"og:image:type\" content=\"image\/jpeg\" \/>\n<meta name=\"twitter:card\" content=\"summary_large_image\" \/>\n<script type=\"application\/ld+json\" class=\"yoast-schema-graph\">{\"@context\":\"https:\/\/schema.org\",\"@graph\":[{\"@type\":\"WebPage\",\"@id\":\"https:\/\/www.estampame.com\/sitioweb\/shop\/buzo-ariana\/\",\"url\":\"https:\/\/www.estampame.com\/sitioweb\/shop\/buzo-ariana\/\",\"name\":\"Buzo Ariana - Estampame\",\"isPartOf\":{\"@id\":\"https:\/\/www.estampame.com\/sitioweb\/#website\"},\"primaryImageOfPage\":{\"@id\":\"https:\/\/www.estampame.com\/sitioweb\/shop\/buzo-ariana\/#primaryimage\"},\"image\":{\"@id\":\"https:\/\/www.estampame.com\/sitioweb\/shop\/buzo-ariana\/#primaryimage\"},\"thumbnailUrl\":\"https:\/\/www.estampame.com\/sitioweb\/wp-content\/uploads\/2020\/05\/unnamed-15.jpg\",\"datePublished\":\"2020-05-27T15:30:59+00:00\",\"dateModified\":\"2025-05-14T13:30:50+00:00\",\"breadcrumb\":{\"@id\":\"https:\/\/www.estampame.com\/sitioweb\/shop\/buzo-ariana\/#breadcrumb\"},\"inLanguage\":\"es\",\"potentialAction\":[{\"@type\":\"ReadAction\",\"target\":[\"https:\/\/www.estampame.com\/sitioweb\/shop\/buzo-ariana\/\"]}]},{\"@type\":\"ImageObject\",\"inLanguage\":\"es\",\"@id\":\"https:\/\/www.estampame.com\/sitioweb\/shop\/buzo-ariana\/#primaryimage\",\"url\":\"https:\/\/www.estampame.com\/sitioweb\/wp-content\/uploads\/2020\/05\/unnamed-15.jpg\",\"contentUrl\":\"https:\/\/www.estampame.com\/sitioweb\/wp-content\/uploads\/2020\/05\/unnamed-15.jpg\",\"width\":1196,\"height\":1196,\"caption\":\"Buzo Ariana\"},{\"@type\":\"BreadcrumbList\",\"@id\":\"https:\/\/www.estampame.com\/sitioweb\/shop\/buzo-ariana\/#breadcrumb\",\"itemListElement\":[{\"@type\":\"ListItem\",\"position\":1,\"name\":\"Portada\",\"item\":\"https:\/\/www.estampame.com\/sitioweb\/\"},{\"@type\":\"ListItem\",\"position\":2,\"name\":\"Shop\",\"item\":\"https:\/\/www.estampame.com\/sitioweb\/shop-2\/\"},{\"@type\":\"ListItem\",\"position\":3,\"name\":\"Buzo Ariana\"}]},{\"@type\":\"WebSite\",\"@id\":\"https:\/\/www.estampame.com\/sitioweb\/#website\",\"url\":\"https:\/\/www.estampame.com\/sitioweb\/\",\"name\":\"Estampame\",\"description\":\"Remeras Personalizadas - Sin M\u00ednimos - Urgentes\",\"potentialAction\":[{\"@type\":\"SearchAction\",\"target\":{\"@type\":\"EntryPoint\",\"urlTemplate\":\"https:\/\/www.estampame.com\/sitioweb\/?s={search_term_string}\"},\"query-input\":{\"@type\":\"PropertyValueSpecification\",\"valueRequired\":true,\"valueName\":\"search_term_string\"}}],\"inLanguage\":\"es\"}]}<\/script>\n<!-- \/ Yoast SEO plugin. -->","yoast_head_json":{"title":"Buzo Ariana - Estampame","robots":{"index":"index","follow":"follow","max-snippet":"max-snippet:-1","max-image-preview":"max-image-preview:large","max-video-preview":"max-video-preview:-1"},"canonical":"https:\/\/www.estampame.com\/sitioweb\/shop\/buzo-ariana\/","og_locale":"es_ES","og_type":"article","og_title":"Buzo Ariana - Estampame","og_description":"Buzo Canguro de algod\u00f3n 100% excelente calidad estampado con impresi\u00f3n l\u00e1ser.","og_url":"https:\/\/www.estampame.com\/sitioweb\/shop\/buzo-ariana\/","og_site_name":"Estampame","article_publisher":"https:\/\/www.facebook.com\/estampameremeras\/","article_modified_time":"2025-05-14T13:30:50+00:00","og_image":[{"width":1196,"height":1196,"url":"https:\/\/www.estampame.com\/sitioweb\/wp-content\/uploads\/2020\/05\/unnamed-15.jpg","type":"image\/jpeg"}],"twitter_card":"summary_large_image","schema":{"@context":"https:\/\/schema.org","@graph":[{"@type":"WebPage","@id":"https:\/\/www.estampame.com\/sitioweb\/shop\/buzo-ariana\/","url":"https:\/\/www.estampame.com\/sitioweb\/shop\/buzo-ariana\/","name":"Buzo Ariana - Estampame","isPartOf":{"@id":"https:\/\/www.estampame.com\/sitioweb\/#website"},"primaryImageOfPage":{"@id":"https:\/\/www.estampame.com\/sitioweb\/shop\/buzo-ariana\/#primaryimage"},"image":{"@id":"https:\/\/www.estampame.com\/sitioweb\/shop\/buzo-ariana\/#primaryimage"},"thumbnailUrl":"https:\/\/www.estampame.com\/sitioweb\/wp-content\/uploads\/2020\/05\/unnamed-15.jpg","datePublished":"2020-05-27T15:30:59+00:00","dateModified":"2025-05-14T13:30:50+00:00","breadcrumb":{"@id":"https:\/\/www.estampame.com\/sitioweb\/shop\/buzo-ariana\/#breadcrumb"},"inLanguage":"es","potentialAction":[{"@type":"ReadAction","target":["https:\/\/www.estampame.com\/sitioweb\/shop\/buzo-ariana\/"]}]},{"@type":"ImageObject","inLanguage":"es","@id":"https:\/\/www.estampame.com\/sitioweb\/shop\/buzo-ariana\/#primaryimage","url":"https:\/\/www.estampame.com\/sitioweb\/wp-content\/uploads\/2020\/05\/unnamed-15.jpg","contentUrl":"https:\/\/www.estampame.com\/sitioweb\/wp-content\/uploads\/2020\/05\/unnamed-15.jpg","width":1196,"height":1196,"caption":"Buzo Ariana"},{"@type":"BreadcrumbList","@id":"https:\/\/www.estampame.com\/sitioweb\/shop\/buzo-ariana\/#breadcrumb","itemListElement":[{"@type":"ListItem","position":1,"name":"Portada","item":"https:\/\/www.estampame.com\/sitioweb\/"},{"@type":"ListItem","position":2,"name":"Shop","item":"https:\/\/www.estampame.com\/sitioweb\/shop-2\/"},{"@type":"ListItem","position":3,"name":"Buzo Ariana"}]},{"@type":"WebSite","@id":"https:\/\/www.estampame.com\/sitioweb\/#website","url":"https:\/\/www.estampame.com\/sitioweb\/","name":"Estampame","description":"Remeras Personalizadas - Sin M\u00ednimos - Urgentes","potentialAction":[{"@type":"SearchAction","target":{"@type":"EntryPoint","urlTemplate":"https:\/\/www.estampame.com\/sitioweb\/?s={search_term_string}"},"query-input":{"@type":"PropertyValueSpecification","valueRequired":true,"valueName":"search_term_string"}}],"inLanguage":"es"}]}},"_links":{"self":[{"href":"https:\/\/www.estampame.com\/sitioweb\/wp-json\/wp\/v2\/product\/8116","targetHints":{"allow":["GET"]}}],"collection":[{"href":"https:\/\/www.estampame.com\/sitioweb\/wp-json\/wp\/v2\/product"}],"about":[{"href":"https:\/\/www.estampame.com\/sitioweb\/wp-json\/wp\/v2\/types\/product"}],"wp:featuredmedia":[{"embeddable":true,"href":"https:\/\/www.estampame.com\/sitioweb\/wp-json\/wp\/v2\/media\/8117"}],"wp:attachment":[{"href":"https:\/\/www.estampame.com\/sitioweb\/wp-json\/wp\/v2\/media?parent=8116"}],"wp:term":[{"taxonomy":"product_brand","embeddable":true,"href":"https:\/\/www.estampame.com\/sitioweb\/wp-json\/wp\/v2\/product_brand?post=8116"},{"taxonomy":"product_cat","embeddable":true,"href":"https:\/\/www.estampame.com\/sitioweb\/wp-json\/wp\/v2\/product_cat?post=8116"},{"taxonomy":"product_tag","embeddable":true,"href":"https:\/\/www.estampame.com\/sitioweb\/wp-json\/wp\/v2\/product_tag?post=8116"}],"curies":[{"name":"wp","href":"https:\/\/api.w.org\/{rel}","templated":true}]}}