{"id":390463,"date":"2024-08-14T15:49:56","date_gmt":"2024-08-14T15:49:56","guid":{"rendered":"https:\/\/www.estampame.com\/sitioweb\/?post_type=product&#038;p=390463"},"modified":"2025-05-14T13:29:52","modified_gmt":"2025-05-14T13:29:52","slug":"buzo-universitario","status":"publish","type":"product","link":"https:\/\/www.estampame.com\/sitioweb\/shop\/buzo-universitario\/","title":{"rendered":"Buzo Universitario UBA"},"content":{"rendered":"<p>Buzo de algod\u00f3n 100% excelente calidad estampado en vinilo de corte o DTF.<\/p>\n<p>Elegilo en blanco, negro, gris melange o azul marino. Gran cantidad de dise\u00f1os para que puedas elegir.<\/p>\n<p>Tambi\u00e9n los personalizamos con el logo de tu Universidad.<\/p>\n<p>Env\u00edos a todo el pa\u00eds.<\/p>\n","protected":false},"excerpt":{"rendered":"<p>Buzo de algod\u00f3n 100% excelente calidad estampado en vinilo de corte o DTF. Elegilo en blanco, negro, gris melange o azul marino. Gran cantidad de dise\u00f1os para que puedas elegir. Tambi\u00e9n los personalizamos con el logo de tu Universidad. Env\u00edos a todo el pa\u00eds.<\/p>\n","protected":false},"featured_media":390468,"template":"","meta":[],"product_brand":[],"product_cat":[142],"product_tag":[215,216,222,218,221,220,219,217],"class_list":{"0":"post-390463","1":"product","2":"type-product","3":"status-publish","4":"has-post-thumbnail","6":"product_cat-buzos","7":"product_tag-buzo","8":"product_tag-canguro","9":"product_tag-capucha","10":"product_tag-fadu","11":"product_tag-hoodie","12":"product_tag-redondo","13":"product_tag-uade","14":"product_tag-uba","15":"sales-flash-overlay","16":"woocommerce-text-align-center","17":"woocommerce-image-align-center","18":"do-quantity-buttons","20":"first","21":"instock","22":"sale","23":"shipping-taxable","24":"purchasable","25":"product-type-simple"},"yoast_head":"<!-- This site is optimized with the Yoast SEO plugin v26.3 - https:\/\/yoast.com\/wordpress\/plugins\/seo\/ -->\n<title>Buzo Universitario UBA - Estampame<\/title>\n<meta name=\"robots\" content=\"index, follow, max-snippet:-1, max-image-preview:large, max-video-preview:-1\" \/>\n<link rel=\"canonical\" href=\"https:\/\/www.estampame.com\/sitioweb\/shop\/buzo-universitario\/\" \/>\n<meta property=\"og:locale\" content=\"es_ES\" \/>\n<meta property=\"og:type\" content=\"article\" \/>\n<meta property=\"og:title\" content=\"Buzo Universitario UBA - Estampame\" \/>\n<meta property=\"og:description\" content=\"Buzo de algod\u00f3n 100% excelente calidad estampado en vinilo de corte o DTF. Elegilo en blanco, negro, gris melange o azul marino. Gran cantidad de dise\u00f1os para que puedas elegir. Tambi\u00e9n los personalizamos con el logo de tu Universidad. Env\u00edos a todo el pa\u00eds.\" \/>\n<meta property=\"og:url\" content=\"https:\/\/www.estampame.com\/sitioweb\/shop\/buzo-universitario\/\" \/>\n<meta property=\"og:site_name\" content=\"Estampame\" \/>\n<meta property=\"article:publisher\" content=\"https:\/\/www.facebook.com\/estampameremeras\/\" \/>\n<meta property=\"article:modified_time\" content=\"2025-05-14T13:29:52+00:00\" \/>\n<meta property=\"og:image\" content=\"https:\/\/www.estampame.com\/sitioweb\/wp-content\/uploads\/2024\/08\/Buzos-UBA-3-1005x1024.png\" \/>\n\t<meta property=\"og:image:width\" content=\"1005\" \/>\n\t<meta property=\"og:image:height\" content=\"1024\" \/>\n\t<meta property=\"og:image:type\" content=\"image\/png\" \/>\n<meta name=\"twitter:card\" content=\"summary_large_image\" \/>\n<meta name=\"twitter:label1\" content=\"Tiempo de lectura\" \/>\n\t<meta name=\"twitter:data1\" content=\"1 minuto\" \/>\n<script type=\"application\/ld+json\" class=\"yoast-schema-graph\">{\"@context\":\"https:\/\/schema.org\",\"@graph\":[{\"@type\":\"WebPage\",\"@id\":\"https:\/\/www.estampame.com\/sitioweb\/shop\/buzo-universitario\/\",\"url\":\"https:\/\/www.estampame.com\/sitioweb\/shop\/buzo-universitario\/\",\"name\":\"Buzo Universitario UBA - Estampame\",\"isPartOf\":{\"@id\":\"https:\/\/www.estampame.com\/sitioweb\/#website\"},\"primaryImageOfPage\":{\"@id\":\"https:\/\/www.estampame.com\/sitioweb\/shop\/buzo-universitario\/#primaryimage\"},\"image\":{\"@id\":\"https:\/\/www.estampame.com\/sitioweb\/shop\/buzo-universitario\/#primaryimage\"},\"thumbnailUrl\":\"https:\/\/www.estampame.com\/sitioweb\/wp-content\/uploads\/2024\/08\/Buzos-UBA-3.png\",\"datePublished\":\"2024-08-14T15:49:56+00:00\",\"dateModified\":\"2025-05-14T13:29:52+00:00\",\"breadcrumb\":{\"@id\":\"https:\/\/www.estampame.com\/sitioweb\/shop\/buzo-universitario\/#breadcrumb\"},\"inLanguage\":\"es\",\"potentialAction\":[{\"@type\":\"ReadAction\",\"target\":[\"https:\/\/www.estampame.com\/sitioweb\/shop\/buzo-universitario\/\"]}]},{\"@type\":\"ImageObject\",\"inLanguage\":\"es\",\"@id\":\"https:\/\/www.estampame.com\/sitioweb\/shop\/buzo-universitario\/#primaryimage\",\"url\":\"https:\/\/www.estampame.com\/sitioweb\/wp-content\/uploads\/2024\/08\/Buzos-UBA-3.png\",\"contentUrl\":\"https:\/\/www.estampame.com\/sitioweb\/wp-content\/uploads\/2024\/08\/Buzos-UBA-3.png\",\"width\":2953,\"height\":3008},{\"@type\":\"BreadcrumbList\",\"@id\":\"https:\/\/www.estampame.com\/sitioweb\/shop\/buzo-universitario\/#breadcrumb\",\"itemListElement\":[{\"@type\":\"ListItem\",\"position\":1,\"name\":\"Portada\",\"item\":\"https:\/\/www.estampame.com\/sitioweb\/\"},{\"@type\":\"ListItem\",\"position\":2,\"name\":\"Shop\",\"item\":\"https:\/\/www.estampame.com\/sitioweb\/shop-2\/\"},{\"@type\":\"ListItem\",\"position\":3,\"name\":\"Buzo Universitario UBA\"}]},{\"@type\":\"WebSite\",\"@id\":\"https:\/\/www.estampame.com\/sitioweb\/#website\",\"url\":\"https:\/\/www.estampame.com\/sitioweb\/\",\"name\":\"Estampame\",\"description\":\"Remeras Personalizadas - Sin M\u00ednimos - Urgentes\",\"potentialAction\":[{\"@type\":\"SearchAction\",\"target\":{\"@type\":\"EntryPoint\",\"urlTemplate\":\"https:\/\/www.estampame.com\/sitioweb\/?s={search_term_string}\"},\"query-input\":{\"@type\":\"PropertyValueSpecification\",\"valueRequired\":true,\"valueName\":\"search_term_string\"}}],\"inLanguage\":\"es\"}]}<\/script>\n<!-- \/ Yoast SEO plugin. -->","yoast_head_json":{"title":"Buzo Universitario UBA - Estampame","robots":{"index":"index","follow":"follow","max-snippet":"max-snippet:-1","max-image-preview":"max-image-preview:large","max-video-preview":"max-video-preview:-1"},"canonical":"https:\/\/www.estampame.com\/sitioweb\/shop\/buzo-universitario\/","og_locale":"es_ES","og_type":"article","og_title":"Buzo Universitario UBA - Estampame","og_description":"Buzo de algod\u00f3n 100% excelente calidad estampado en vinilo de corte o DTF. Elegilo en blanco, negro, gris melange o azul marino. Gran cantidad de dise\u00f1os para que puedas elegir. Tambi\u00e9n los personalizamos con el logo de tu Universidad. Env\u00edos a todo el pa\u00eds.","og_url":"https:\/\/www.estampame.com\/sitioweb\/shop\/buzo-universitario\/","og_site_name":"Estampame","article_publisher":"https:\/\/www.facebook.com\/estampameremeras\/","article_modified_time":"2025-05-14T13:29:52+00:00","og_image":[{"width":1005,"height":1024,"url":"https:\/\/www.estampame.com\/sitioweb\/wp-content\/uploads\/2024\/08\/Buzos-UBA-3-1005x1024.png","type":"image\/png"}],"twitter_card":"summary_large_image","twitter_misc":{"Tiempo de lectura":"1 minuto"},"schema":{"@context":"https:\/\/schema.org","@graph":[{"@type":"WebPage","@id":"https:\/\/www.estampame.com\/sitioweb\/shop\/buzo-universitario\/","url":"https:\/\/www.estampame.com\/sitioweb\/shop\/buzo-universitario\/","name":"Buzo Universitario UBA - Estampame","isPartOf":{"@id":"https:\/\/www.estampame.com\/sitioweb\/#website"},"primaryImageOfPage":{"@id":"https:\/\/www.estampame.com\/sitioweb\/shop\/buzo-universitario\/#primaryimage"},"image":{"@id":"https:\/\/www.estampame.com\/sitioweb\/shop\/buzo-universitario\/#primaryimage"},"thumbnailUrl":"https:\/\/www.estampame.com\/sitioweb\/wp-content\/uploads\/2024\/08\/Buzos-UBA-3.png","datePublished":"2024-08-14T15:49:56+00:00","dateModified":"2025-05-14T13:29:52+00:00","breadcrumb":{"@id":"https:\/\/www.estampame.com\/sitioweb\/shop\/buzo-universitario\/#breadcrumb"},"inLanguage":"es","potentialAction":[{"@type":"ReadAction","target":["https:\/\/www.estampame.com\/sitioweb\/shop\/buzo-universitario\/"]}]},{"@type":"ImageObject","inLanguage":"es","@id":"https:\/\/www.estampame.com\/sitioweb\/shop\/buzo-universitario\/#primaryimage","url":"https:\/\/www.estampame.com\/sitioweb\/wp-content\/uploads\/2024\/08\/Buzos-UBA-3.png","contentUrl":"https:\/\/www.estampame.com\/sitioweb\/wp-content\/uploads\/2024\/08\/Buzos-UBA-3.png","width":2953,"height":3008},{"@type":"BreadcrumbList","@id":"https:\/\/www.estampame.com\/sitioweb\/shop\/buzo-universitario\/#breadcrumb","itemListElement":[{"@type":"ListItem","position":1,"name":"Portada","item":"https:\/\/www.estampame.com\/sitioweb\/"},{"@type":"ListItem","position":2,"name":"Shop","item":"https:\/\/www.estampame.com\/sitioweb\/shop-2\/"},{"@type":"ListItem","position":3,"name":"Buzo Universitario UBA"}]},{"@type":"WebSite","@id":"https:\/\/www.estampame.com\/sitioweb\/#website","url":"https:\/\/www.estampame.com\/sitioweb\/","name":"Estampame","description":"Remeras Personalizadas - Sin M\u00ednimos - Urgentes","potentialAction":[{"@type":"SearchAction","target":{"@type":"EntryPoint","urlTemplate":"https:\/\/www.estampame.com\/sitioweb\/?s={search_term_string}"},"query-input":{"@type":"PropertyValueSpecification","valueRequired":true,"valueName":"search_term_string"}}],"inLanguage":"es"}]}},"_links":{"self":[{"href":"https:\/\/www.estampame.com\/sitioweb\/wp-json\/wp\/v2\/product\/390463","targetHints":{"allow":["GET"]}}],"collection":[{"href":"https:\/\/www.estampame.com\/sitioweb\/wp-json\/wp\/v2\/product"}],"about":[{"href":"https:\/\/www.estampame.com\/sitioweb\/wp-json\/wp\/v2\/types\/product"}],"wp:featuredmedia":[{"embeddable":true,"href":"https:\/\/www.estampame.com\/sitioweb\/wp-json\/wp\/v2\/media\/390468"}],"wp:attachment":[{"href":"https:\/\/www.estampame.com\/sitioweb\/wp-json\/wp\/v2\/media?parent=390463"}],"wp:term":[{"taxonomy":"product_brand","embeddable":true,"href":"https:\/\/www.estampame.com\/sitioweb\/wp-json\/wp\/v2\/product_brand?post=390463"},{"taxonomy":"product_cat","embeddable":true,"href":"https:\/\/www.estampame.com\/sitioweb\/wp-json\/wp\/v2\/product_cat?post=390463"},{"taxonomy":"product_tag","embeddable":true,"href":"https:\/\/www.estampame.com\/sitioweb\/wp-json\/wp\/v2\/product_tag?post=390463"}],"curies":[{"name":"wp","href":"https:\/\/api.w.org\/{rel}","templated":true}]}}