{"id":389830,"date":"2021-06-01T15:15:06","date_gmt":"2021-06-01T15:15:06","guid":{"rendered":"https:\/\/www.estampame.com\/sitioweb\/?post_type=product&#038;p=389830"},"modified":"2025-05-14T13:46:47","modified_gmt":"2025-05-14T13:46:47","slug":"combo-papi","status":"publish","type":"product","link":"https:\/\/www.estampame.com\/sitioweb\/shop\/combo-papi\/","title":{"rendered":".Combo Papi"},"content":{"rendered":"<p>Combo remera adulto + remera de ni\u00f1o. Consultanos para sumar m\u00e1s remeras de ni\u00f1os!<\/p>\n","protected":false},"excerpt":{"rendered":"<p>Combo remera adulto + remera de ni\u00f1o. Consultanos para sumar m\u00e1s remeras de ni\u00f1os!<\/p>\n","protected":false},"featured_media":389832,"template":"","meta":[],"product_brand":[],"product_cat":[129],"product_tag":[],"class_list":{"0":"post-389830","1":"product","2":"type-product","3":"status-publish","4":"has-post-thumbnail","6":"product_cat-diadelpadre","7":"sales-flash-overlay","8":"woocommerce-text-align-center","9":"woocommerce-image-align-center","10":"do-quantity-buttons","12":"first","13":"instock","14":"shipping-taxable","15":"purchasable","16":"product-type-simple"},"yoast_head":"<!-- This site is optimized with the Yoast SEO plugin v26.3 - https:\/\/yoast.com\/wordpress\/plugins\/seo\/ -->\n<title>.Combo Papi - Estampame<\/title>\n<meta name=\"robots\" content=\"index, follow, max-snippet:-1, max-image-preview:large, max-video-preview:-1\" \/>\n<link rel=\"canonical\" href=\"https:\/\/www.estampame.com\/sitioweb\/shop\/combo-papi\/\" \/>\n<meta property=\"og:locale\" content=\"es_ES\" \/>\n<meta property=\"og:type\" content=\"article\" \/>\n<meta property=\"og:title\" content=\".Combo Papi - Estampame\" \/>\n<meta property=\"og:description\" content=\"Combo remera adulto + remera de ni\u00f1o. Consultanos para sumar m\u00e1s remeras de ni\u00f1os!\" \/>\n<meta property=\"og:url\" content=\"https:\/\/www.estampame.com\/sitioweb\/shop\/combo-papi\/\" \/>\n<meta property=\"og:site_name\" content=\"Estampame\" \/>\n<meta property=\"article:publisher\" content=\"https:\/\/www.facebook.com\/estampameremeras\/\" \/>\n<meta property=\"article:modified_time\" content=\"2025-05-14T13:46:47+00:00\" \/>\n<meta property=\"og:image\" content=\"https:\/\/www.estampame.com\/sitioweb\/wp-content\/uploads\/2021\/06\/Papi-1.png\" \/>\n\t<meta property=\"og:image:width\" content=\"986\" \/>\n\t<meta property=\"og:image:height\" content=\"986\" \/>\n\t<meta property=\"og:image:type\" content=\"image\/png\" \/>\n<meta name=\"twitter:card\" content=\"summary_large_image\" \/>\n<meta name=\"twitter:label1\" content=\"Tiempo de lectura\" \/>\n\t<meta name=\"twitter:data1\" content=\"1 minuto\" \/>\n<script type=\"application\/ld+json\" class=\"yoast-schema-graph\">{\"@context\":\"https:\/\/schema.org\",\"@graph\":[{\"@type\":\"WebPage\",\"@id\":\"https:\/\/www.estampame.com\/sitioweb\/shop\/combo-papi\/\",\"url\":\"https:\/\/www.estampame.com\/sitioweb\/shop\/combo-papi\/\",\"name\":\".Combo Papi - Estampame\",\"isPartOf\":{\"@id\":\"https:\/\/www.estampame.com\/sitioweb\/#website\"},\"primaryImageOfPage\":{\"@id\":\"https:\/\/www.estampame.com\/sitioweb\/shop\/combo-papi\/#primaryimage\"},\"image\":{\"@id\":\"https:\/\/www.estampame.com\/sitioweb\/shop\/combo-papi\/#primaryimage\"},\"thumbnailUrl\":\"https:\/\/www.estampame.com\/sitioweb\/wp-content\/uploads\/2021\/06\/Papi-1.png\",\"datePublished\":\"2021-06-01T15:15:06+00:00\",\"dateModified\":\"2025-05-14T13:46:47+00:00\",\"breadcrumb\":{\"@id\":\"https:\/\/www.estampame.com\/sitioweb\/shop\/combo-papi\/#breadcrumb\"},\"inLanguage\":\"es\",\"potentialAction\":[{\"@type\":\"ReadAction\",\"target\":[\"https:\/\/www.estampame.com\/sitioweb\/shop\/combo-papi\/\"]}]},{\"@type\":\"ImageObject\",\"inLanguage\":\"es\",\"@id\":\"https:\/\/www.estampame.com\/sitioweb\/shop\/combo-papi\/#primaryimage\",\"url\":\"https:\/\/www.estampame.com\/sitioweb\/wp-content\/uploads\/2021\/06\/Papi-1.png\",\"contentUrl\":\"https:\/\/www.estampame.com\/sitioweb\/wp-content\/uploads\/2021\/06\/Papi-1.png\",\"width\":986,\"height\":986},{\"@type\":\"BreadcrumbList\",\"@id\":\"https:\/\/www.estampame.com\/sitioweb\/shop\/combo-papi\/#breadcrumb\",\"itemListElement\":[{\"@type\":\"ListItem\",\"position\":1,\"name\":\"Portada\",\"item\":\"https:\/\/www.estampame.com\/sitioweb\/\"},{\"@type\":\"ListItem\",\"position\":2,\"name\":\"Shop\",\"item\":\"https:\/\/www.estampame.com\/sitioweb\/shop-2\/\"},{\"@type\":\"ListItem\",\"position\":3,\"name\":\".Combo Papi\"}]},{\"@type\":\"WebSite\",\"@id\":\"https:\/\/www.estampame.com\/sitioweb\/#website\",\"url\":\"https:\/\/www.estampame.com\/sitioweb\/\",\"name\":\"Estampame\",\"description\":\"Remeras Personalizadas - Sin M\u00ednimos - Urgentes\",\"potentialAction\":[{\"@type\":\"SearchAction\",\"target\":{\"@type\":\"EntryPoint\",\"urlTemplate\":\"https:\/\/www.estampame.com\/sitioweb\/?s={search_term_string}\"},\"query-input\":{\"@type\":\"PropertyValueSpecification\",\"valueRequired\":true,\"valueName\":\"search_term_string\"}}],\"inLanguage\":\"es\"}]}<\/script>\n<!-- \/ Yoast SEO plugin. -->","yoast_head_json":{"title":".Combo Papi - Estampame","robots":{"index":"index","follow":"follow","max-snippet":"max-snippet:-1","max-image-preview":"max-image-preview:large","max-video-preview":"max-video-preview:-1"},"canonical":"https:\/\/www.estampame.com\/sitioweb\/shop\/combo-papi\/","og_locale":"es_ES","og_type":"article","og_title":".Combo Papi - Estampame","og_description":"Combo remera adulto + remera de ni\u00f1o. Consultanos para sumar m\u00e1s remeras de ni\u00f1os!","og_url":"https:\/\/www.estampame.com\/sitioweb\/shop\/combo-papi\/","og_site_name":"Estampame","article_publisher":"https:\/\/www.facebook.com\/estampameremeras\/","article_modified_time":"2025-05-14T13:46:47+00:00","og_image":[{"width":986,"height":986,"url":"https:\/\/www.estampame.com\/sitioweb\/wp-content\/uploads\/2021\/06\/Papi-1.png","type":"image\/png"}],"twitter_card":"summary_large_image","twitter_misc":{"Tiempo de lectura":"1 minuto"},"schema":{"@context":"https:\/\/schema.org","@graph":[{"@type":"WebPage","@id":"https:\/\/www.estampame.com\/sitioweb\/shop\/combo-papi\/","url":"https:\/\/www.estampame.com\/sitioweb\/shop\/combo-papi\/","name":".Combo Papi - Estampame","isPartOf":{"@id":"https:\/\/www.estampame.com\/sitioweb\/#website"},"primaryImageOfPage":{"@id":"https:\/\/www.estampame.com\/sitioweb\/shop\/combo-papi\/#primaryimage"},"image":{"@id":"https:\/\/www.estampame.com\/sitioweb\/shop\/combo-papi\/#primaryimage"},"thumbnailUrl":"https:\/\/www.estampame.com\/sitioweb\/wp-content\/uploads\/2021\/06\/Papi-1.png","datePublished":"2021-06-01T15:15:06+00:00","dateModified":"2025-05-14T13:46:47+00:00","breadcrumb":{"@id":"https:\/\/www.estampame.com\/sitioweb\/shop\/combo-papi\/#breadcrumb"},"inLanguage":"es","potentialAction":[{"@type":"ReadAction","target":["https:\/\/www.estampame.com\/sitioweb\/shop\/combo-papi\/"]}]},{"@type":"ImageObject","inLanguage":"es","@id":"https:\/\/www.estampame.com\/sitioweb\/shop\/combo-papi\/#primaryimage","url":"https:\/\/www.estampame.com\/sitioweb\/wp-content\/uploads\/2021\/06\/Papi-1.png","contentUrl":"https:\/\/www.estampame.com\/sitioweb\/wp-content\/uploads\/2021\/06\/Papi-1.png","width":986,"height":986},{"@type":"BreadcrumbList","@id":"https:\/\/www.estampame.com\/sitioweb\/shop\/combo-papi\/#breadcrumb","itemListElement":[{"@type":"ListItem","position":1,"name":"Portada","item":"https:\/\/www.estampame.com\/sitioweb\/"},{"@type":"ListItem","position":2,"name":"Shop","item":"https:\/\/www.estampame.com\/sitioweb\/shop-2\/"},{"@type":"ListItem","position":3,"name":".Combo Papi"}]},{"@type":"WebSite","@id":"https:\/\/www.estampame.com\/sitioweb\/#website","url":"https:\/\/www.estampame.com\/sitioweb\/","name":"Estampame","description":"Remeras Personalizadas - Sin M\u00ednimos - Urgentes","potentialAction":[{"@type":"SearchAction","target":{"@type":"EntryPoint","urlTemplate":"https:\/\/www.estampame.com\/sitioweb\/?s={search_term_string}"},"query-input":{"@type":"PropertyValueSpecification","valueRequired":true,"valueName":"search_term_string"}}],"inLanguage":"es"}]}},"_links":{"self":[{"href":"https:\/\/www.estampame.com\/sitioweb\/wp-json\/wp\/v2\/product\/389830","targetHints":{"allow":["GET"]}}],"collection":[{"href":"https:\/\/www.estampame.com\/sitioweb\/wp-json\/wp\/v2\/product"}],"about":[{"href":"https:\/\/www.estampame.com\/sitioweb\/wp-json\/wp\/v2\/types\/product"}],"wp:featuredmedia":[{"embeddable":true,"href":"https:\/\/www.estampame.com\/sitioweb\/wp-json\/wp\/v2\/media\/389832"}],"wp:attachment":[{"href":"https:\/\/www.estampame.com\/sitioweb\/wp-json\/wp\/v2\/media?parent=389830"}],"wp:term":[{"taxonomy":"product_brand","embeddable":true,"href":"https:\/\/www.estampame.com\/sitioweb\/wp-json\/wp\/v2\/product_brand?post=389830"},{"taxonomy":"product_cat","embeddable":true,"href":"https:\/\/www.estampame.com\/sitioweb\/wp-json\/wp\/v2\/product_cat?post=389830"},{"taxonomy":"product_tag","embeddable":true,"href":"https:\/\/www.estampame.com\/sitioweb\/wp-json\/wp\/v2\/product_tag?post=389830"}],"curies":[{"name":"wp","href":"https:\/\/api.w.org\/{rel}","templated":true}]}}